{"id":139,"date":"2024-11-21T20:18:47","date_gmt":"2024-11-21T20:18:47","guid":{"rendered":"https:\/\/www.anukampamindfulness.es\/?page_id=139"},"modified":"2025-02-17T15:01:44","modified_gmt":"2025-02-17T15:01:44","slug":"eva-gadher","status":"publish","type":"page","link":"https:\/\/www.anukampamindfulness.es\/index.php\/eva-gadher\/","title":{"rendered":"Eva Gadher"},"content":{"rendered":"<p>[et_pb_section fb_built=\u00bb1&#8243; _builder_version=\u00bb4.23.1&#8243; _module_preset=\u00bbdefault\u00bb background_image=\u00bbhttps:\/\/www.anukampamindfulness.es\/wp-content\/uploads\/2024\/12\/Negro-Dorado-Elegante-Inmobiliaria-Tarjeta-de-Visita-3.png\u00bb custom_padding=\u00bb77px||11px|||\u00bb global_colors_info=\u00bb{}\u00bb][et_pb_row _builder_version=\u00bb4.23.1&#8243; _module_preset=\u00bbdefault\u00bb custom_margin=\u00bb|auto|67px|auto||\u00bb global_colors_info=\u00bb{}\u00bb][et_pb_column type=\u00bb4_4&#8243; _builder_version=\u00bb4.23.1&#8243; _module_preset=\u00bbdefault\u00bb global_colors_info=\u00bb{}\u00bb][et_pb_text _builder_version=\u00bb4.23.1&#8243; _module_preset=\u00bbdefault\u00bb header_text_color=\u00bb#FFFFFF\u00bb hover_enabled=\u00bb0&#8243; global_colors_info=\u00bb{}\u00bb header_font=\u00bbAbril Fatface||||||||\u00bb sticky_enabled=\u00bb0&#8243;]<\/p>\n<h1 style=\"text-align: center;\">Quienes somos<\/h1>\n<p>[\/et_pb_text][et_pb_image src=\u00bbhttps:\/\/www.anukampamindfulness.es\/wp-content\/uploads\/2024\/11\/Anadir-un-subtitulo-1080-x-1920-px-1200-x-1200-px-24.png\u00bb title_text=\u00bbAn\u0303adir un subti\u0301tulo (1080 x 1920 px) (1200 x 1200 px) (24)\u00bb _builder_version=\u00bb4.23.1&#8243; _module_preset=\u00bbdefault\u00bb max_width=\u00bb30%\u00bb module_alignment=\u00bbcenter\u00bb animation_style=\u00bbroll\u00bb global_colors_info=\u00bb{}\u00bb][\/et_pb_image][\/et_pb_column][\/et_pb_row][\/et_pb_section][et_pb_section fb_built=\u00bb1&#8243; _builder_version=\u00bb4.23.1&#8243; _module_preset=\u00bbdefault\u00bb custom_padding=\u00bb0px||0px|||\u00bb global_colors_info=\u00bb{}\u00bb][et_pb_row _builder_version=\u00bb4.23.1&#8243; _module_preset=\u00bbdefault\u00bb global_colors_info=\u00bb{}\u00bb][et_pb_column type=\u00bb4_4&#8243; _builder_version=\u00bb4.23.1&#8243; _module_preset=\u00bbdefault\u00bb global_colors_info=\u00bb{}\u00bb][et_pb_text _builder_version=\u00bb4.23.1&#8243; _module_preset=\u00bbdefault\u00bb header_font=\u00bbAbril Fatface||||||||\u00bb hover_enabled=\u00bb0&#8243; inline_fonts=\u00bbAboreto,Abril Fatface\u00bb global_colors_info=\u00bb{}\u00bb sticky_enabled=\u00bb0&#8243;]<\/p>\n<h1 style=\"text-align: right;\">Eva Gadher<\/h1>\n<p>&nbsp;<\/p>\n<h3 style=\"text-align: right;\"><span style=\"font-family: 'Abril Fatface'; font-weight: normal;\">INSTRUCTORA DE MBSR Y MINDFULNESS\u00a0<\/span><\/h3>\n<p>[\/et_pb_text][\/et_pb_column][\/et_pb_row][et_pb_row _builder_version=\u00bb4.23.1&#8243; _module_preset=\u00bbdefault\u00bb custom_padding=\u00bb0px|||||\u00bb global_colors_info=\u00bb{}\u00bb][et_pb_column type=\u00bb4_4&#8243; _builder_version=\u00bb4.23.1&#8243; _module_preset=\u00bbdefault\u00bb global_colors_info=\u00bb{}\u00bb][et_pb_divider color=\u00bbgcid-fdd7622b-cada-4422-8299-46f769102849&#8243; divider_weight=\u00bb3px\u00bb _builder_version=\u00bb4.23.1&#8243; _module_preset=\u00bbdefault\u00bb width=\u00bb10%\u00bb module_alignment=\u00bbright\u00bb global_colors_info=\u00bb{%22gcid-fdd7622b-cada-4422-8299-46f769102849%22:%91%22color%22%93}\u00bb][\/et_pb_divider][\/et_pb_column][\/et_pb_row][\/et_pb_section][et_pb_section fb_built=\u00bb1&#8243; specialty=\u00bbon\u00bb _builder_version=\u00bb4.23.1&#8243; _module_preset=\u00bbdefault\u00bb background_color=\u00bbrgba(255,255,255,0.49)\u00bb background_enable_image=\u00bboff\u00bb background_blend=\u00bbsoft-light\u00bb custom_padding=\u00bb0px||0px|||\u00bb global_colors_info=\u00bb{}\u00bb][et_pb_column type=\u00bb1_2&#8243; _builder_version=\u00bb4.16&#8243; custom_padding=\u00bb|||\u00bb global_colors_info=\u00bb{}\u00bb custom_padding__hover=\u00bb|||\u00bb][et_pb_image src=\u00bbhttps:\/\/www.anukampamindfulness.es\/wp-content\/uploads\/2024\/11\/Sin-titulo-1200-x-627-px-627-x-1200-px-1200-x-675-px-675-x-1200-px.png\u00bb title_text=\u00bbSin ti\u0301tulo (1200 x 627 px) (627 x 1200 px) (1200 x 675 px) (675 x 1200 px)\u00bb _builder_version=\u00bb4.23.1&#8243; _module_preset=\u00bbdefault\u00bb transform_scale=\u00bb80%|80%\u00bb global_colors_info=\u00bb{}\u00bb][\/et_pb_image][\/et_pb_column][et_pb_column type=\u00bb1_2&#8243; specialty_columns=\u00bb2&#8243; _builder_version=\u00bb4.16&#8243; custom_padding=\u00bb|||\u00bb global_colors_info=\u00bb{}\u00bb custom_padding__hover=\u00bb|||\u00bb][et_pb_row_inner _builder_version=\u00bb4.23.1&#8243; _module_preset=\u00bbdefault\u00bb custom_padding=\u00bb0px|||||\u00bb global_colors_info=\u00bb{}\u00bb][et_pb_column_inner saved_specialty_column_type=\u00bb1_2&#8243; _builder_version=\u00bb4.23.1&#8243; _module_preset=\u00bbdefault\u00bb global_colors_info=\u00bb{}\u00bb][et_pb_text _builder_version=\u00bb4.23.1&#8243; _module_preset=\u00bbdefault\u00bb global_colors_info=\u00bb{}\u00bb]<\/p>\n<p style=\"text-align: justify;\"><strong>Terapeuta Transpersonal e Instructora en Meditaci\u00f3n y Mindfulness.<\/strong><span>\u00a0<\/span>Mi formaci\u00f3n comenz\u00f3 en la<span>\u00a0<\/span><strong>Escuela Espa\u00f1ola de Desarrollo Transpersonal (EDT)<\/strong>, con Jos\u00e9 Mar\u00eda Doria.<\/p>\n<p style=\"text-align: justify;\">A lo largo de mi carrera, he tenido la oportunidad de profundizar en el estudio de la compasi\u00f3n con<span>\u00a0<\/span><strong>Gonzalo Brito Pons<\/strong>, participando en programas como el<span>\u00a0<\/span><strong>CCT (Compassion Cultivation Training, de la Universidad de Stanford)<\/strong><span>\u00a0<\/span>y el<span>\u00a0<\/span><strong>EMC (Entrenamiento en la Mente Compasiva, basado en la Terapia Centrada en la Compasi\u00f3n)<\/strong>.<\/p>\n<p style=\"text-align: justify;\">Me he especializado como<span>\u00a0<\/span><strong>Experta en Mindfulness, Psicolog\u00eda Positiva y Gesti\u00f3n Emocional<\/strong><span>\u00a0<\/span>en el<span>\u00a0<\/span><strong>Instituto Europeo de Psicolog\u00eda Positiva (Universidad La Salle)<\/strong>. Tambi\u00e9n estoy acreditada como<span>\u00a0<\/span><strong>Instructora en MBSR (Mindfulness-Based Stress Reduction)<\/strong>, programa desarrollado por<span>\u00a0<\/span><strong>Jon Kabat-Zinn<\/strong><span>\u00a0<\/span>del<span>\u00a0<\/span><strong>Centro M\u00e9dico de la Universidad de Massachusetts (EE.UU)<\/strong>, con<span>\u00a0<\/span><strong>s\u00f3lida evidencia cient\u00edfica en la reducci\u00f3n del estr\u00e9s.<\/strong><span>\u00a0<\/span>Tuve el privilegio de formarme con<span>\u00a0<\/span><strong>Andr\u00e9s Mart\u00edn Asuero<\/strong>, referente en Espa\u00f1a en el \u00e1mbito del mindfulness, cuya gu\u00eda ha enriquecido profundamente mi pr\u00e1ctica y enfoque profesional.<\/p>\n<p style=\"text-align: justify;\">Adem\u00e1s, cuento con una certificaci\u00f3n en adicciones otorgada por el<span>\u00a0<\/span><strong>IC&amp;RC (International Certification &amp; Reciprocity Consortium)<\/strong><span>\u00a0<\/span>de EE.UU. y\u00a0 la titulaci\u00f3n de<span>\u00a0<\/span><strong>Experto Superior en Conductas Adictivas (Real Centro Universitario Escorial-Mar\u00eda Cristina)<\/strong>, a trav\u00e9s del<span>\u00a0<\/span><strong>Programa Philippus<\/strong>.<\/p>\n<p style=\"text-align: justify;\">Actualmente, me encuentro en formaci\u00f3n en<span>\u00a0<\/span><strong>Mindfulness en Intervenciones Terap\u00e9uticas<\/strong>, avalada por la<span>\u00a0<\/span><strong>International Mindfulness and Meditation Alliance (IMMA)<\/strong>, lo que me permite seguir integrando los \u00faltimos avances en este campo.<\/p>\n<p style=\"text-align: justify;\">Estoy en un proceso constante de formaci\u00f3n y autoindagaci\u00f3n;<span>\u00a0<\/span><strong>para m\u00ed, aprender sobre m\u00ed misma es esencial para poder servir mejor a los dem\u00e1s.<\/strong><\/p>\n<p>[\/et_pb_text][\/et_pb_column_inner][\/et_pb_row_inner][\/et_pb_column][\/et_pb_section][et_pb_section fb_built=\u00bb1&#8243; _builder_version=\u00bb4.23.1&#8243; _module_preset=\u00bbdefault\u00bb custom_padding=\u00bb||0px|||\u00bb global_colors_info=\u00bb{}\u00bb][et_pb_row _builder_version=\u00bb4.23.1&#8243; _module_preset=\u00bbdefault\u00bb global_colors_info=\u00bb{}\u00bb][et_pb_column type=\u00bb4_4&#8243; _builder_version=\u00bb4.23.1&#8243; _module_preset=\u00bbdefault\u00bb global_colors_info=\u00bb{}\u00bb][et_pb_text _builder_version=\u00bb4.23.1&#8243; _module_preset=\u00bbdefault\u00bb header_font=\u00bbAbril Fatface||||||||\u00bb hover_enabled=\u00bb0&#8243; global_colors_info=\u00bb{}\u00bb sticky_enabled=\u00bb0&#8243;]<\/p>\n<h1 style=\"text-align: right;\">Gema Bono<\/h1>\n<p>[\/et_pb_text][et_pb_text _builder_version=\u00bb4.23.1&#8243; _module_preset=\u00bbdefault\u00bb header_font=\u00bbAbril Fatface||||||||\u00bb hover_enabled=\u00bb0&#8243; global_colors_info=\u00bb{}\u00bb sticky_enabled=\u00bb0&#8243;]<\/p>\n<h1 style=\"text-align: right;\">Instructora de yoga-<\/h1>\n<h1 style=\"text-align: right;\">Facilitadora Certificada en Yoga<\/h1>\n<h1 style=\"text-align: right;\">Sensible al Trauma (yst)-yoga oncol\u00f3gico<\/h1>\n<p>[\/et_pb_text][\/et_pb_column][\/et_pb_row][\/et_pb_section][et_pb_section fb_built=\u00bb1&#8243; specialty=\u00bbon\u00bb _builder_version=\u00bb4.23.1&#8243; _module_preset=\u00bbdefault\u00bb background_color=\u00bbrgba(255,255,255,0.49)\u00bb background_enable_image=\u00bboff\u00bb background_blend=\u00bbsoft-light\u00bb custom_padding=\u00bb0px||0px|||\u00bb global_colors_info=\u00bb{}\u00bb][et_pb_column type=\u00bb1_2&#8243; _builder_version=\u00bb4.16&#8243; custom_padding=\u00bb|||\u00bb global_colors_info=\u00bb{}\u00bb custom_padding__hover=\u00bb|||\u00bb][et_pb_image src=\u00bbhttps:\/\/www.anukampamindfulness.es\/wp-content\/uploads\/2024\/12\/Sin-titulo-1200-x-627-px-627-x-1200-px-1.png\u00bb title_text=\u00bbSin ti\u0301tulo (1200 x 627 px) (627 x 1200 px) (1)\u00bb _builder_version=\u00bb4.23.1&#8243; _module_preset=\u00bbdefault\u00bb transform_scale=\u00bb80%|80%\u00bb global_colors_info=\u00bb{}\u00bb][\/et_pb_image][\/et_pb_column][et_pb_column type=\u00bb1_2&#8243; specialty_columns=\u00bb2&#8243; _builder_version=\u00bb4.16&#8243; custom_padding=\u00bb|||\u00bb global_colors_info=\u00bb{}\u00bb custom_padding__hover=\u00bb|||\u00bb][et_pb_row_inner _builder_version=\u00bb4.23.1&#8243; _module_preset=\u00bbdefault\u00bb custom_padding=\u00bb0px|||||\u00bb global_colors_info=\u00bb{}\u00bb][et_pb_column_inner saved_specialty_column_type=\u00bb1_2&#8243; _builder_version=\u00bb4.23.1&#8243; _module_preset=\u00bbdefault\u00bb global_colors_info=\u00bb{}\u00bb][et_pb_text _builder_version=\u00bb4.23.1&#8243; _module_preset=\u00bbdefault\u00bb global_colors_info=\u00bb{}\u00bb]<\/p>\n<p class=\"p1\" style=\"text-align: justify;\">Me inicio en este mundo a ra\u00edz de un desequilibrio emocional. Son estos momentos en los que una persona busca herramientas que le ayuden a evolucionar en un \u00e1mbito concreto.Mi experiencia fue mucho m\u00e1s all\u00e1.Involucrarme en esta disciplina me ayud\u00f3 a entender que me hab\u00eda autoimpuesto un objetivo incorrecto. Que estaba poniendo obst\u00e1culos a la verdadera evoluci\u00f3n.Y es que, la armon\u00eda, el equilibrio, el encontrarte contigo misma, no entiende de concreciones ni de imposiciones.La armon\u00eda es el fin \u00faltimo, experimentar sensaciones de la mente y cuerpo siendo todo uno y elevar a un estado \u00f3ptimo cada c\u00e9lula de tu ser. Es un largo camino, pero en un entorno de extrema belleza.<\/p>\n<p class=\"p2\">\n<p class=\"p3\" style=\"text-align: justify;\"><span class=\"s1\">Me instruyo en la Escuela de Yoga Sadhana. <\/span><span class=\"s2\">Sadhana es un\u00a0centro de formaci\u00f3n de profesores\u00a0que trata de transmitir de un modo interdisciplinar los fundamentos del yoga, integr\u00e1ndolos de un modo pedag\u00f3gico y adaptarlos a nuestra sociedad y cultura respetando la esencia de la tradici\u00f3n.<\/span><\/p>\n<p class=\"p4\" style=\"text-align: justify;\">Al frente de esta escuela se encuentra el por todos conocidos en este \u00e1mbito Carlos Fiel, como director y formador de esta escuela, con la inestimable colaboraci\u00f3n de Juan Carlos M\u00e1rquez entre otros.<\/p>\n<p class=\"p5\">\n<p class=\"p4\" style=\"text-align: justify;\">Los tres ejes de la ense\u00f1anza de sadhana son: crecer en conciencia, evolucionar en nuestro coraz\u00f3n y vivir nuestra realidad.<\/p>\n<p class=\"p4\" style=\"text-align: justify;\">Sadhana pertenece desde hace m\u00e1s de treinta y cinco a\u00f1os a la\u00a0<b>uni\u00f3n europea de yoga<\/b>, siendo miembro de pleno derecho. Es miembro fundador de la\u00a0<b>FEDEFY<\/b>, \u00f3rgano que integra las distintas escuelas y federaciones nacionales de yoga, que rige hoy la adecuaci\u00f3n de la formaci\u00f3n de profesores a los requisitos del ministerio para obtener la certificaci\u00f3n de profesor de yoga y establecer las l\u00edneas maestras de los programas de formaci\u00f3n.<\/p>\n<p class=\"p5\">\n<p class=\"p4\" style=\"text-align: justify;\">Mi formaci\u00f3n consta de cuatro a\u00f1os de Hatha Yoga y una especialidad de un a\u00f1o en Yoga Terap\u00e9utico. Se completa con educaci\u00f3n en torno al Yoga Sensible al Trauma (YST), con fundaci\u00f3n radika. El trauma habla de sentimientos que rompen el coraz\u00f3n y desgarran las tripas. No va sobre pensamientos. Va sobre el cuerpo estancado en un estado donde, b\u00e1sicamente, las sensaciones son intolerables.<span class=\"Apple-converted-space\">\u00a0 <\/span>El yoga ayuda a las personas a contenerse a s\u00ed mismos y a experimentar sus cuerpos de forma segura. El yoga ayuda a entender que cuando te traumatizas, no quieres sentir lo que sientes o saber lo que sabes y esto es la parte principal del problema, por lo que el yoga te hace sentir m\u00e1s seguro experiment\u00e1ndote a ti mismo aunque lo que experimentes no sea demasiado agradable.<\/p>\n<p class=\"p2\">\n<p class=\"p1\" style=\"text-align: justify;\">Quiero usar mis conocimientos y mi experiencia, para facilitar tu evoluci\u00f3n, desde dentro hacia afuera, desde el respeto y la ausencia de prejuicios.<\/p>\n<p>[\/et_pb_text][\/et_pb_column_inner][\/et_pb_row_inner][\/et_pb_column][\/et_pb_section]<\/p>\n","protected":false},"excerpt":{"rendered":"<p>Quienes somosEva Gadher &nbsp; INSTRUCTORA DE MBSR Y MINDFULNESS\u00a0Terapeuta Transpersonal e Instructora en Meditaci\u00f3n y Mindfulness.\u00a0Mi formaci\u00f3n comenz\u00f3 en la\u00a0Escuela Espa\u00f1ola de Desarrollo Transpersonal (EDT), con Jos\u00e9 Mar\u00eda Doria. A lo largo de mi carrera, he tenido la oportunidad de profundizar en el estudio de la compasi\u00f3n con\u00a0Gonzalo Brito Pons, participando en programas como el\u00a0CCT [&hellip;]<\/p>\n","protected":false},"author":1,"featured_media":0,"parent":0,"menu_order":0,"comment_status":"closed","ping_status":"closed","template":"","meta":{"_et_pb_use_builder":"on","_et_pb_old_content":"","_et_gb_content_width":"","footnotes":""},"class_list":["post-139","page","type-page","status-publish","hentry"],"_links":{"self":[{"href":"https:\/\/www.anukampamindfulness.es\/index.php\/wp-json\/wp\/v2\/pages\/139","targetHints":{"allow":["GET"]}}],"collection":[{"href":"https:\/\/www.anukampamindfulness.es\/index.php\/wp-json\/wp\/v2\/pages"}],"about":[{"href":"https:\/\/www.anukampamindfulness.es\/index.php\/wp-json\/wp\/v2\/types\/page"}],"author":[{"embeddable":true,"href":"https:\/\/www.anukampamindfulness.es\/index.php\/wp-json\/wp\/v2\/users\/1"}],"replies":[{"embeddable":true,"href":"https:\/\/www.anukampamindfulness.es\/index.php\/wp-json\/wp\/v2\/comments?post=139"}],"version-history":[{"count":15,"href":"https:\/\/www.anukampamindfulness.es\/index.php\/wp-json\/wp\/v2\/pages\/139\/revisions"}],"predecessor-version":[{"id":220,"href":"https:\/\/www.anukampamindfulness.es\/index.php\/wp-json\/wp\/v2\/pages\/139\/revisions\/220"}],"wp:attachment":[{"href":"https:\/\/www.anukampamindfulness.es\/index.php\/wp-json\/wp\/v2\/media?parent=139"}],"curies":[{"name":"wp","href":"https:\/\/api.w.org\/{rel}","templated":true}]}}